{"id":18,"date":"2019-12-22T19:56:24","date_gmt":"2019-12-22T19:56:24","guid":{"rendered":"https:\/\/fepm.pl\/unirach\/?page_id=18"},"modified":"2019-12-28T22:56:20","modified_gmt":"2019-12-28T22:56:20","slug":"o-nas","status":"publish","type":"page","link":"https:\/\/www.uni-rach.pl\/","title":{"rendered":"O nas"},"content":{"rendered":"\n<p style=\"color:#233f4d\" class=\"has-text-color\">Biuro\nRachunkowe \u201eUNI-RACH PLUS\u201d powsta\u0142o w roku 1995. Nasza siedziba\nznajduje si\u0119 w Bydgoszczy, obs\u0142ugujemy firmy nie tylko z naszego\nmiasta i okolic, ale tak\u017ce z ca\u0142ego kraju. Posiadamy ogromne\ndo\u015bwiadczenie w dziedzinie rachunkowo\u015bci oraz certyfikaty zawodu\nksi\u0119gowego. Jeste\u015bmy r\u00f3wnie\u017c obj\u0119ci obowi\u0105zkowym ubezpieczeniem\nod odpowiedzialno\u015bci cywilnej.<\/p>\n\n\n\n<p style=\"color:#233f4d\" class=\"has-text-color\">Cieszymy si\u0119\ndu\u017cym zaufaniem naszych Klient\u00f3w, wielu z nich obs\u0142ugujemy od\npocz\u0105tku naszej dzia\u0142alno\u015bci.\nWychodz\u0105c naprzeciw Pa\u0144stwa\noczekiwaniom oferujemy szeroki zakres us\u0142ug..\nZach\u0119camy do zapoznania si\u0119 z\nnasz\u0105 ofert\u0105.<\/p>\n","protected":false},"excerpt":{"rendered":"<p>Biuro Rachunkowe \u201eUNI-RACH PLUS\u201d powsta\u0142o w roku 1995. Nasza siedziba znajduje si\u0119 w Bydgoszczy, obs\u0142ugujemy firmy nie tylko z naszego miasta i okolic, ale tak\u017ce z ca\u0142ego kraju. Posiadamy ogromne do\u015bwiadczenie w dziedzinie rachunkowo\u015bci oraz certyfikaty zawodu ksi\u0119gowego. Jeste\u015bmy r\u00f3wnie\u017c obj\u0119ci obowi\u0105zkowym ubezpieczeniem od odpowiedzialno\u015bci cywilnej. Cieszymy si\u0119 du\u017cym zaufaniem naszych Klient\u00f3w, wielu z nich&hellip;<a href=\"https:\/\/www.uni-rach.pl\/\" class=\"more-link\">Continue reading <span class=\"screen-reader-text\">O nas<\/span><\/a><\/p>\n","protected":false},"author":2,"featured_media":0,"parent":0,"menu_order":0,"comment_status":"closed","ping_status":"closed","template":"page_fullwidth.php","meta":{"footnotes":""},"class_list":["post-18","page","type-page","status-publish","hentry"],"_links":{"self":[{"href":"https:\/\/www.uni-rach.pl\/index.php?rest_route=\/wp\/v2\/pages\/18","targetHints":{"allow":["GET"]}}],"collection":[{"href":"https:\/\/www.uni-rach.pl\/index.php?rest_route=\/wp\/v2\/pages"}],"about":[{"href":"https:\/\/www.uni-rach.pl\/index.php?rest_route=\/wp\/v2\/types\/page"}],"author":[{"embeddable":true,"href":"https:\/\/www.uni-rach.pl\/index.php?rest_route=\/wp\/v2\/users\/2"}],"replies":[{"embeddable":true,"href":"https:\/\/www.uni-rach.pl\/index.php?rest_route=%2Fwp%2Fv2%2Fcomments&post=18"}],"version-history":[{"count":5,"href":"https:\/\/www.uni-rach.pl\/index.php?rest_route=\/wp\/v2\/pages\/18\/revisions"}],"predecessor-version":[{"id":83,"href":"https:\/\/www.uni-rach.pl\/index.php?rest_route=\/wp\/v2\/pages\/18\/revisions\/83"}],"wp:attachment":[{"href":"https:\/\/www.uni-rach.pl\/index.php?rest_route=%2Fwp%2Fv2%2Fmedia&parent=18"}],"curies":[{"name":"wp","href":"https:\/\/api.w.org\/{rel}","templated":true}]}}