{"id":46,"date":"2019-12-22T19:59:18","date_gmt":"2019-12-22T19:59:18","guid":{"rendered":"https:\/\/fepm.pl\/unirach\/?page_id=46"},"modified":"2019-12-28T22:20:33","modified_gmt":"2019-12-28T22:20:33","slug":"oferta","status":"publish","type":"page","link":"https:\/\/www.uni-rach.pl\/?page_id=46","title":{"rendered":"Oferta"},"content":{"rendered":"\n<p>Nasza oferta  m.in. obejmuje:<\/p>\n\n\n\n<ul class=\"wp-block-list\"><li>Prowadzenie ksi\u0105g handlowych<\/li><li>Prowadzenie ksi\u0119gi przychod\u00f3w i rozchod\u00f3w<\/li><li>Ewidencje rycza\u0142tu<\/li><li>Pomoc przy rejestracji firmy<\/li><li>Obs\u0142uga aptek na programie Kamsoft<\/li><li>Obs\u0142uga fundacji i stowarzysze\u0144<\/li><li>Sporz\u0105dzanie deklaracji podatkowych<\/li><li>Sporz\u0105dzanie sprawozda\u0144 finansowych oraz informacji dodatkowej<\/li><li>P\u0142ace i obs\u0142uga rozlicze\u0144 ZUS<\/li><li>Sporz\u0105dzanie deklaracji PFRON<\/li><li>Reprezentowanie podatnika w trakcie kontroli Urz\u0119du Skarbowego i ZUS<\/li><li>Sprawozdania do GUS<\/li><\/ul>\n\n\n\n<p>Do\nwsp\u00f3\u0142pracy z naszym biurem zapraszamy osoby prowadz\u0105ce dzia\u0142alno\u015b\u0107\ngospodarcz\u0105, sp\u00f3\u0142ki, fundacje, stowarzyszenia oraz osoby prywatne.\nDo ka\u017cdego Klienta podchodzimy indywidualnie i dostosowujemy ofert\u0119\ndo jego profilu i potrzeb.<\/p>\n\n\n\n<p> W relacjach z&nbsp;biurem to<strong>&nbsp;Pa\u0144stwo wybieracie form\u0119 <\/strong>dostarczania dokument\u00f3w (kurierem, osobi\u015bcie, poczt\u0105 elektroniczn\u0105, odbi\u00f3r przez naszego pracownika). Ka\u017cdy przedsi\u0119bior\u0105 otrzymuje opiekunk\u0119, kt\u00f3ra zajmuje si\u0119 Jego firm\u0105. Pracujemy na kilku programach ksi\u0119gowych, staramy si\u0119 r\u00f3wnie\u017c korzysta\u0107 z nowoczesnych rozwi\u0105za\u0144 informatycznych np. skanowanie dokument\u00f3w, zgrywanie wyci\u0105g\u00f3w bankowych.<\/p>\n\n\n\n<p><\/p>\n\n\n\n<p><\/p>\n","protected":false},"excerpt":{"rendered":"<p>Nasza oferta m.in. obejmuje: Prowadzenie ksi\u0105g handlowych Prowadzenie ksi\u0119gi przychod\u00f3w i rozchod\u00f3w Ewidencje rycza\u0142tu Pomoc przy rejestracji firmy Obs\u0142uga aptek na programie Kamsoft Obs\u0142uga fundacji i stowarzysze\u0144 Sporz\u0105dzanie deklaracji podatkowych Sporz\u0105dzanie sprawozda\u0144 finansowych oraz informacji dodatkowej P\u0142ace i obs\u0142uga rozlicze\u0144 ZUS Sporz\u0105dzanie deklaracji PFRON Reprezentowanie podatnika w trakcie kontroli Urz\u0119du Skarbowego i ZUS Sprawozdania do&hellip;<a href=\"https:\/\/www.uni-rach.pl\/?page_id=46\" class=\"more-link\">Continue reading <span class=\"screen-reader-text\">Oferta<\/span><\/a><\/p>\n","protected":false},"author":2,"featured_media":0,"parent":0,"menu_order":1,"comment_status":"closed","ping_status":"closed","template":"page_fullwidth.php","meta":{"footnotes":""},"class_list":["post-46","page","type-page","status-publish","hentry"],"_links":{"self":[{"href":"https:\/\/www.uni-rach.pl\/index.php?rest_route=\/wp\/v2\/pages\/46","targetHints":{"allow":["GET"]}}],"collection":[{"href":"https:\/\/www.uni-rach.pl\/index.php?rest_route=\/wp\/v2\/pages"}],"about":[{"href":"https:\/\/www.uni-rach.pl\/index.php?rest_route=\/wp\/v2\/types\/page"}],"author":[{"embeddable":true,"href":"https:\/\/www.uni-rach.pl\/index.php?rest_route=\/wp\/v2\/users\/2"}],"replies":[{"embeddable":true,"href":"https:\/\/www.uni-rach.pl\/index.php?rest_route=%2Fwp%2Fv2%2Fcomments&post=46"}],"version-history":[{"count":5,"href":"https:\/\/www.uni-rach.pl\/index.php?rest_route=\/wp\/v2\/pages\/46\/revisions"}],"predecessor-version":[{"id":76,"href":"https:\/\/www.uni-rach.pl\/index.php?rest_route=\/wp\/v2\/pages\/46\/revisions\/76"}],"wp:attachment":[{"href":"https:\/\/www.uni-rach.pl\/index.php?rest_route=%2Fwp%2Fv2%2Fmedia&parent=46"}],"curies":[{"name":"wp","href":"https:\/\/api.w.org\/{rel}","templated":true}]}}