{"id":50,"date":"2019-12-22T20:04:05","date_gmt":"2019-12-22T20:04:05","guid":{"rendered":"https:\/\/fepm.pl\/unirach\/?page_id=50"},"modified":"2019-12-28T22:33:39","modified_gmt":"2019-12-28T22:33:39","slug":"cennik","status":"publish","type":"page","link":"https:\/\/www.uni-rach.pl\/?page_id=50","title":{"rendered":"Cennik"},"content":{"rendered":"\n<div class=\"wp-block-group\"><div class=\"wp-block-group__inner-container is-layout-flow wp-block-group-is-layout-flow\">\n<figure class=\"wp-block-table\"><table class=\"\"><tbody><tr><td>KPIR<\/td><td> od 100,00<\/td><\/tr><tr><td>Ksi\u0119ga handlowa<\/td><td> od 300,00<\/td><\/tr><tr><td>Rycza\u0142t podatkowy<\/td><td> od 80,00<\/td><\/tr><\/tbody><\/table><\/figure>\n<\/div><\/div>\n\n\n\n<p><\/p>\n\n\n\n<p>\nCena zale\u017cy od wielu czynnik\u00f3w\ntj:<\/p>\n\n\n\n<ul class=\"wp-block-list\"><li>liczby dokument\u00f3w<\/li><li>z\u0142o\u017cono\u015b\u0107 transakcji handlowych<\/li><li>potrzeba raportowania i tworzenia zestawie\u0144<\/li><li>liczby zatrudnionych pracownik\u00f3w<\/li><\/ul>\n","protected":false},"excerpt":{"rendered":"<p>KPIR od 100,00 Ksi\u0119ga handlowa od 300,00 Rycza\u0142t podatkowy od 80,00 Cena zale\u017cy od wielu czynnik\u00f3w tj: liczby dokument\u00f3w z\u0142o\u017cono\u015b\u0107 transakcji handlowych potrzeba raportowania i tworzenia zestawie\u0144 liczby zatrudnionych pracownik\u00f3w<\/p>\n","protected":false},"author":2,"featured_media":0,"parent":0,"menu_order":2,"comment_status":"closed","ping_status":"closed","template":"page_fullwidth.php","meta":{"footnotes":""},"class_list":["post-50","page","type-page","status-publish","hentry"],"_links":{"self":[{"href":"https:\/\/www.uni-rach.pl\/index.php?rest_route=\/wp\/v2\/pages\/50","targetHints":{"allow":["GET"]}}],"collection":[{"href":"https:\/\/www.uni-rach.pl\/index.php?rest_route=\/wp\/v2\/pages"}],"about":[{"href":"https:\/\/www.uni-rach.pl\/index.php?rest_route=\/wp\/v2\/types\/page"}],"author":[{"embeddable":true,"href":"https:\/\/www.uni-rach.pl\/index.php?rest_route=\/wp\/v2\/users\/2"}],"replies":[{"embeddable":true,"href":"https:\/\/www.uni-rach.pl\/index.php?rest_route=%2Fwp%2Fv2%2Fcomments&post=50"}],"version-history":[{"count":10,"href":"https:\/\/www.uni-rach.pl\/index.php?rest_route=\/wp\/v2\/pages\/50\/revisions"}],"predecessor-version":[{"id":78,"href":"https:\/\/www.uni-rach.pl\/index.php?rest_route=\/wp\/v2\/pages\/50\/revisions\/78"}],"wp:attachment":[{"href":"https:\/\/www.uni-rach.pl\/index.php?rest_route=%2Fwp%2Fv2%2Fmedia&parent=50"}],"curies":[{"name":"wp","href":"https:\/\/api.w.org\/{rel}","templated":true}]}}